{"id":12,"date":"2022-03-24T11:20:16","date_gmt":"2022-03-24T11:20:16","guid":{"rendered":"https:\/\/www.kangasniemenyrittajat.fi\/kesanavaus\/?page_id=12"},"modified":"2026-03-25T09:02:51","modified_gmt":"2026-03-25T07:02:51","slug":"myyntipaikkojen-varaukset","status":"publish","type":"page","link":"https:\/\/www.kangasniemenyrittajat.fi\/kesanavaus\/myyntipaikkojen-varaukset\/","title":{"rendered":"Myyntipaikkojen varaukset"},"content":{"rendered":"\n<h3 class=\"wp-block-heading\">Lauantaina 23.5.2026 klo 10-13:30 j\u00e4rjestett\u00e4v\u00e4 Kangasniemen Kes\u00e4n avaus tarjoaa oivat puitteet tuotteiden ja palvelujen myyntiin sek\u00e4 esittelyyn!<\/h3>\n\n\n\n<p class=\"has-black-color has-luminous-vivid-amber-background-color has-text-color has-background has-link-color wp-elements-7d5430859941cafb0be05f2c800a83ca\"><strong>Myyntipaikkojen varauksia otetaan nyt vastaan! Paikkoja on jaossa rajallinen m\u00e4\u00e4r\u00e4, varmista siis omasi ja tee varaus pikaisesti. <\/strong><\/p>\n\n\n\n<p>Myynti- ja esittelypisteisiin liittyv\u00e4t tiedustelut: anniriina.lindholm@gmail.com.<\/p>\n\n\n\n<h3 class=\"wp-block-heading\">Infoa n\u00e4ytteilleasettajille:<\/h3>\n\n\n\n<ul class=\"wp-block-list\">\n<li>Jokaisessa myynti-\/esittelypisteess\u00e4 tulee olla n\u00e4kyv\u00e4ll\u00e4 paikalla n\u00e4ytteilleasettajan\/n\u00e4ytteilleasettajien nimikyltti, banderolli tms. &nbsp;<\/li>\n\n\n\n<li>Yhdess\u00e4 myyntipisteess\u00e4 saa olla maksimissaan kaksi eri n\u00e4ytteilleasettajaa (vaikkapa kahden pienen yrityksen tai k\u00e4sity\u00f6l\u00e4isen kimppapiste), mutta lasku toimitetaan vain yhdelle. <\/li>\n\n\n\n<li>Tapahtumanj\u00e4rjest\u00e4j\u00e4 sijoittaa paikat torille varausj\u00e4rjestyksess\u00e4. Toiveita sijainnin suhteen voi toki esitt\u00e4\u00e4. <\/li>\n\n\n\n<li>Kaikkien pisteiden tiedot julkaistaan n\u00e4iden sivujen <a href=\"https:\/\/www.kangasniemenyrittajat.fi\/kesanavaus\/myyntipisteet\/\" data-type=\"page\" data-id=\"91\">myyntipisteet-sivulla<\/a><\/li>\n\n\n\n<li>N\u00e4ytteilleasettajien tulee olla paikalla koko tilaisuuden ajan (klo 10-13:30). Myyntipisteit\u00e4 voi tulla rakentamaan klo 8 alkaen ja niiden tulee olla valmiina viimeist\u00e4\u00e4n kello 9.30. Pisteiden purkamisen saa aloittaa aikaisintaan klo 13:30, ellei toisin ole sovittu.<\/li>\n\n\n\n<li>Mik\u00e4li pisteeseen on tarve tuoda autolla tavaraa, tulee autot olla siirrettyn\u00e4 pois torialueelta klo 9:00 menness\u00e4.<\/li>\n\n\n\n<li>N\u00e4ytteilleasettajat tuovat itse paikalle kaikki pisteess\u00e4\u00e4n tarvitsemansa kalusteet (p\u00f6yd\u00e4t, jatkojohdot, teltat yms.).<\/li>\n\n\n\n<li>Torilla olevista tolpista saa tarvittaessa s\u00e4hk\u00f6\u00e4.<\/li>\n\n\n\n<li>Teltat ym. tulee kiinnitt\u00e4\u00e4 tukevasti, jotta tuuli ei p\u00e4\u00e4se niit\u00e4 riepottelemaan. <\/li>\n\n\n\n<li>Makkaranmyynnin tapahtumassa hoitaa Kangasniemen Yritt\u00e4j\u00e4t ry ja muun ruoanmyynnin torialueen muut ruoka- ja kahvittelupaikat.<\/li>\n\n\n\n<li>Toivomme, ett\u00e4 kaikki osallistujat mainostaisivat tapahtumaa ennakkoon!<\/li>\n<\/ul>\n\n\n\n<p>Yhden myyntipaikan koko on 3 m x 3 m. Huomioithan, ett\u00e4 kaiken, mit\u00e4 myyntipisteess\u00e4si tarvitset (koskee my\u00f6s autoja ja per\u00e4k\u00e4rrej\u00e4), tulee mahtua varatulle alueelle. <\/p>\n\n\n\n<p>Venelaiturissa on my\u00f6s vesipaikkoja. &nbsp;<\/p>\n\n\n\n<p><strong>1.5.2026 menness\u00e4 varatut myynti- ja esittelypisteet tulevat n\u00e4kyville tapahtuman lehtimainokseen ja mainosjulisteisiin. <\/strong>T\u00e4m\u00e4n j\u00e4lkeen varatut pisteet n\u00e4kyv\u00e4t ainoastaan n\u00e4ill\u00e4 nettisivuilla. <strong>\u00a0<\/strong><\/p>\n\n\n\n<h3 class=\"wp-block-heading\">Myynti- ja esittelypaikkojen hinnat<\/h3>\n\n\n\n<ul class=\"wp-block-list\">\n<li>1 kpl 3 x 3 m paikka Suomen Yritt\u00e4jien j\u00e4senyrityksille 30 \u20ac, ei-j\u00e4senille 50 \u20ac<\/li>\n\n\n\n<li>Venepaikat edellisten hintojen mukaisesti, yksi paikka per vene, veneen koosta riippumatta<\/li>\n<\/ul>\n\n\n\n<p>Paikat laskutetaan ennen tapahtumaa.<\/p>\n\n\n\n<p>HUOM! Torille ns. vakiopaikan varanneet ovat my\u00f6s velvoitettuja maksamaan Kes\u00e4n avauksen hinnaston mukaisen myyntipaikkamaksun, mik\u00e4li ovat avoinna tapahtuman aikaan.<\/p>\n\n\n\n<h3 class=\"wp-block-heading\">Varaa paikkasi alla olevaa lomaketta k\u00e4ytt\u00e4en<\/h3>\n\n\n\n<p>T\u00e4yt\u00e4th\u00e4n tiedot huolellisesti.<\/p>\n\n\n<div class=\"wpforms-container wpforms-container-full wpforms-block wpforms-block-6d88a8a8-4ee2-4f05-9a06-955239703db8\" id=\"wpforms-5\"><form id=\"wpforms-form-5\" class=\"wpforms-validate wpforms-form wpforms-ajax-form\" data-formid=\"5\" method=\"post\" enctype=\"multipart\/form-data\" action=\"\/kesanavaus\/wp-json\/wp\/v2\/pages\/12\" data-token=\"97fb39ebc3ba63598d0189c84d6adc90\" data-token-time=\"1775943262\"><noscript class=\"wpforms-error-noscript\">Please enable JavaScript in your browser to complete this form.<\/noscript><div class=\"wpforms-field-container\"><div id=\"wpforms-5-field_3-container\" class=\"wpforms-field wpforms-field-radio\" data-field-id=\"3\"><label class=\"wpforms-field-label\">Onko varaaja Suomen Yritt\u00e4jien j\u00e4senyritys?  <span class=\"wpforms-required-label\">*<\/span><\/label><ul id=\"wpforms-5-field_3\" class=\"wpforms-field-required\"><li class=\"choice-1 depth-1\"><input type=\"radio\" id=\"wpforms-5-field_3_1\" name=\"wpforms[fields][3]\" value=\"Kyll\u00e4\" required ><label class=\"wpforms-field-label-inline\" for=\"wpforms-5-field_3_1\">Kyll\u00e4<\/label><\/li><li class=\"choice-2 depth-1\"><input type=\"radio\" id=\"wpforms-5-field_3_2\" name=\"wpforms[fields][3]\" value=\"Ei\" required ><label class=\"wpforms-field-label-inline\" for=\"wpforms-5-field_3_2\">Ei<\/label><\/li><\/ul><\/div><div id=\"wpforms-5-field_0-container\" class=\"wpforms-field wpforms-field-name\" data-field-id=\"0\"><label class=\"wpforms-field-label\" for=\"wpforms-5-field_0\">Varaavan yrityksen\/yhdistyksen virallinen nimi <span class=\"wpforms-required-label\">*<\/span><\/label><input type=\"text\" id=\"wpforms-5-field_0\" class=\"wpforms-field-medium wpforms-field-required\" name=\"wpforms[fields][0]\" required><\/div><div id=\"wpforms-5-field_4-container\" class=\"wpforms-field wpforms-field-text\" data-field-id=\"4\"><label class=\"wpforms-field-label\" for=\"wpforms-5-field_4\">Mainonnassa k\u00e4ytett\u00e4v\u00e4 nimi<\/label><input type=\"text\" id=\"wpforms-5-field_4\" class=\"wpforms-field-medium\" name=\"wpforms[fields][4]\" ><div class=\"wpforms-field-description\">T\u00e4yt\u00e4 vain mik\u00e4li eri, kuin virallinen nimi.<\/div><\/div><div id=\"wpforms-5-field_5-container\" class=\"wpforms-field wpforms-field-text\" data-field-id=\"5\"><label class=\"wpforms-field-label\" for=\"wpforms-5-field_5\">Yhteyshenkil\u00f6n nimi <span class=\"wpforms-required-label\">*<\/span><\/label><input type=\"text\" id=\"wpforms-5-field_5\" class=\"wpforms-field-medium wpforms-field-required\" name=\"wpforms[fields][5]\" required><\/div><div id=\"wpforms-5-field_6-container\" class=\"wpforms-field wpforms-field-text\" data-field-id=\"6\"><label class=\"wpforms-field-label\" for=\"wpforms-5-field_6\">Yhteyshenkil\u00f6n puhelinnumero <span class=\"wpforms-required-label\">*<\/span><\/label><input type=\"text\" id=\"wpforms-5-field_6\" class=\"wpforms-field-medium wpforms-field-required\" name=\"wpforms[fields][6]\" required><\/div><div id=\"wpforms-5-field_1-container\" class=\"wpforms-field wpforms-field-email\" data-field-id=\"1\"><label class=\"wpforms-field-label\" for=\"wpforms-5-field_1\">Yhteyshenkil\u00f6n email <span class=\"wpforms-required-label\">*<\/span><\/label><input type=\"email\" id=\"wpforms-5-field_1\" class=\"wpforms-field-medium wpforms-field-required\" name=\"wpforms[fields][1]\" spellcheck=\"false\" required><\/div><div id=\"wpforms-5-field_8-container\" class=\"wpforms-field wpforms-field-textarea\" data-field-id=\"8\"><label class=\"wpforms-field-label\" for=\"wpforms-5-field_8\">Laskutusosoite<\/label><textarea id=\"wpforms-5-field_8\" class=\"wpforms-field-medium\" name=\"wpforms[fields][8]\" ><\/textarea><div class=\"wpforms-field-description\">L\u00e4het\u00e4mme laskut ensisijaisesti pdf-muodossa s\u00e4hk\u00f6postitse tai verkkolaskuina. T\u00e4yt\u00e4 katuosoite ainoastaan, mik\u00e4li teille ei voi l\u00e4hett\u00e4\u00e4 laskuja s\u00e4hk\u00f6postitse. <\/div><\/div><div id=\"wpforms-5-field_10-container\" class=\"wpforms-field wpforms-field-text\" data-field-id=\"10\"><label class=\"wpforms-field-label\" for=\"wpforms-5-field_10\">Nettisivujen osoite<\/label><input type=\"text\" id=\"wpforms-5-field_10\" class=\"wpforms-field-medium\" name=\"wpforms[fields][10]\" ><div class=\"wpforms-field-description\">T\u00e4yt\u00e4 vain, mik\u00e4li nettisivut saa linkitt\u00e4\u00e4 Kes\u00e4n avauksen nettisivuilta. <\/div><\/div><div id=\"wpforms-5-field_15-container\" class=\"wpforms-field wpforms-field-text\" data-field-id=\"15\"><label class=\"wpforms-field-label\" for=\"wpforms-5-field_15\">Varattavien myyntipisteiden m\u00e4\u00e4r\u00e4 <span class=\"wpforms-required-label\">*<\/span><\/label><input type=\"text\" id=\"wpforms-5-field_15\" class=\"wpforms-field-medium wpforms-field-required\" name=\"wpforms[fields][15]\" required><div class=\"wpforms-field-description\">1 myyntipiste on kooltaan 3 x 3 m. Kirjoita kentt\u00e4\u00e4n montako 3 x 3 m pistett\u00e4 varataan. Huom! Jos varaat vesipaikan, kirjoita m\u00e4\u00e4r\u00e4ksi 1 kpl veneen koosta riippumatta. <\/div><\/div><div id=\"wpforms-5-field_16-container\" class=\"wpforms-field wpforms-field-checkbox\" data-field-id=\"16\"><label class=\"wpforms-field-label\">Varaamani paikka on: <span class=\"wpforms-required-label\">*<\/span><\/label><ul id=\"wpforms-5-field_16\" class=\"wpforms-field-required\"><li class=\"choice-1 depth-1\"><input type=\"checkbox\" id=\"wpforms-5-field_16_1\" name=\"wpforms[fields][16][]\" value=\"Toripaikka 3 x 3 m\" required ><label class=\"wpforms-field-label-inline\" for=\"wpforms-5-field_16_1\">Toripaikka 3 x 3 m<\/label><\/li><li class=\"choice-2 depth-1\"><input type=\"checkbox\" id=\"wpforms-5-field_16_2\" name=\"wpforms[fields][16][]\" value=\"Vesipaikka venelaiturissa\" required ><label class=\"wpforms-field-label-inline\" for=\"wpforms-5-field_16_2\">Vesipaikka venelaiturissa<\/label><\/li><\/ul><div class=\"wpforms-field-description\">Yhden paikan hinta SY j\u00e4senyritykselle 30 \u20ac, muille 50 \u20ac. <\/div><\/div><div id=\"wpforms-5-field_17-container\" class=\"wpforms-field wpforms-field-checkbox\" data-field-id=\"17\"><label class=\"wpforms-field-label\">S\u00e4hk\u00f6n tarve<\/label><ul id=\"wpforms-5-field_17\"><li class=\"choice-1 depth-1\"><input type=\"checkbox\" id=\"wpforms-5-field_17_1\" name=\"wpforms[fields][17][]\" value=\"Tarvitsen s\u00e4hk\u00f6\u00e4 myyntipisteess\u00e4ni\"  ><label class=\"wpforms-field-label-inline\" for=\"wpforms-5-field_17_1\">Tarvitsen s\u00e4hk\u00f6\u00e4 myyntipisteess\u00e4ni<\/label><\/li><\/ul><\/div><div id=\"wpforms-5-field_9-container\" class=\"wpforms-field wpforms-field-textarea\" data-field-id=\"9\"><label class=\"wpforms-field-label\" for=\"wpforms-5-field_9\">Lyhyt kuvaus myyt\u00e4vist\u00e4\/esitelt\u00e4vist\u00e4 tuotteista\/palveluista <span class=\"wpforms-required-label\">*<\/span><\/label><textarea id=\"wpforms-5-field_9\" class=\"wpforms-field-medium wpforms-field-required\" name=\"wpforms[fields][9]\" required><\/textarea><div class=\"wpforms-field-description\">Kuvaus julkaistaan tapahtuman nettisivujen myyntipaikkalistauksessa. \n<\/div><\/div><div id=\"wpforms-5-field_2-container\" class=\"wpforms-field wpforms-field-textarea\" data-field-id=\"2\"><label class=\"wpforms-field-label\" for=\"wpforms-5-field_2\">Muuta huomioitavaa tai toiveita<\/label><textarea id=\"wpforms-5-field_2\" class=\"wpforms-field-medium\" name=\"wpforms[fields][2]\" ><\/textarea><\/div><\/div><!-- .wpforms-field-container --><div class=\"wpforms-submit-container\" ><input type=\"hidden\" name=\"wpforms[id]\" value=\"5\"><input type=\"hidden\" name=\"page_title\" value=\"\"><input type=\"hidden\" name=\"page_url\" value=\"https:\/\/www.kangasniemenyrittajat.fi\/kesanavaus\/wp-json\/wp\/v2\/pages\/12\"><input type=\"hidden\" name=\"url_referer\" value=\"\"><button type=\"submit\" name=\"wpforms[submit]\" id=\"wpforms-submit-5\" class=\"wpforms-submit\" data-alt-text=\"L\u00e4hett\u00e4\u00e4...\" data-submit-text=\"L\u00e4het\u00e4\" aria-live=\"assertive\" value=\"wpforms-submit\">L\u00e4het\u00e4<\/button><img loading=\"lazy\" decoding=\"async\" src=\"https:\/\/www.kangasniemenyrittajat.fi\/kesanavaus\/wp-content\/plugins\/wpforms-lite\/assets\/images\/submit-spin.svg\" class=\"wpforms-submit-spinner\" style=\"display: none;\" width=\"26\" height=\"26\" alt=\"Loading\"><\/div><\/form><\/div>  <!-- .wpforms-container -->","protected":false},"excerpt":{"rendered":"<p>Lauantaina 23.5.2026 klo 10-13:30 j\u00e4rjestett\u00e4v\u00e4 Kangasniemen Kes\u00e4n avaus tarjoaa oivat puitteet tuotteiden ja palvelujen myyntiin sek\u00e4 esittelyyn! Myyntipaikkojen varauksia otetaan nyt vastaan! Paikkoja on jaossa rajallinen m\u00e4\u00e4r\u00e4, varmista siis omasi ja tee varaus pikaisesti. Myynti- ja esittelypisteisiin liittyv\u00e4t tiedustelut: anniriina.lindholm@gmail.com. &hellip; <\/p>\n","protected":false},"author":1,"featured_media":0,"parent":0,"menu_order":0,"comment_status":"closed","ping_status":"closed","template":"","meta":{"footnotes":""},"class_list":["post-12","page","type-page","status-publish","hentry"],"_links":{"self":[{"href":"https:\/\/www.kangasniemenyrittajat.fi\/kesanavaus\/wp-json\/wp\/v2\/pages\/12","targetHints":{"allow":["GET"]}}],"collection":[{"href":"https:\/\/www.kangasniemenyrittajat.fi\/kesanavaus\/wp-json\/wp\/v2\/pages"}],"about":[{"href":"https:\/\/www.kangasniemenyrittajat.fi\/kesanavaus\/wp-json\/wp\/v2\/types\/page"}],"author":[{"embeddable":true,"href":"https:\/\/www.kangasniemenyrittajat.fi\/kesanavaus\/wp-json\/wp\/v2\/users\/1"}],"replies":[{"embeddable":true,"href":"https:\/\/www.kangasniemenyrittajat.fi\/kesanavaus\/wp-json\/wp\/v2\/comments?post=12"}],"version-history":[{"count":41,"href":"https:\/\/www.kangasniemenyrittajat.fi\/kesanavaus\/wp-json\/wp\/v2\/pages\/12\/revisions"}],"predecessor-version":[{"id":660,"href":"https:\/\/www.kangasniemenyrittajat.fi\/kesanavaus\/wp-json\/wp\/v2\/pages\/12\/revisions\/660"}],"wp:attachment":[{"href":"https:\/\/www.kangasniemenyrittajat.fi\/kesanavaus\/wp-json\/wp\/v2\/media?parent=12"}],"curies":[{"name":"wp","href":"https:\/\/api.w.org\/{rel}","templated":true}]}}